{"id":624,"date":"2024-09-14T16:55:59","date_gmt":"2024-09-14T14:55:59","guid":{"rendered":"https:\/\/www.waltraudkrainz.com\/?page_id=624"},"modified":"2024-09-14T17:23:19","modified_gmt":"2024-09-14T15:23:19","slug":"publikationen-2","status":"publish","type":"page","link":"https:\/\/www.waltraudkrainz.com\/?page_id=624","title":{"rendered":"Publikationen"},"content":{"rendered":"\n<p><a href=\"https:\/\/www.waltraudkrainz.com\/publikationen\/leben-macht-schreiben-gesundheit-als-schrift-effekt-der-biopolitik\/\" data-type=\"page\" data-id=\"440\"><em>Leben Macht Schreiben. Gesundheit als (Schrift-) Effekt der Biopolitik.<\/em><\/a><\/p>\n\n\n\n<p>Wir leben in einem Zeitalter der Gesundheit, zumindest der allseits erstrebten Gesundheit. Ein un\u00fcberschaubares Konglomerat von Diskursen, Praktiken und Wissensformen ist rund um das Thema angesiedelt, es reicht von der Ursachenforschung \u00fcber Resilienz bis zur Burn-Out-Behandlung, von Gymnastikkursen in Fitnessstudios und veganem Essen bis hin zu staatlichen Pr\u00e4ventivma\u00dfnahmen gegen Krebserkrankungen, von politischen Kampagnen wie dem Anti-Raucher-Volksbegehren&nbsp;bis zu neoliberalen Methoden der Selbstoptimierung\u2026&nbsp;<\/p>\n\n\n\n<p><em><a href=\"https:\/\/www.waltraudkrainz.com\/publikationen\/riskante-bewegungspraxen\/\"><br>Riskante Bewegungspraxen.<\/a><\/em><\/p>\n\n\n\n<p>2001 springen Hannes Arch und Ueli Gegenschatz, zwei Base-Jumper, das erste Mal die Eiger-Nordwand hinunter. Dieser Sprung ist zugleich ein engelsgleicher Flug, voll Leichtigkeit, Freiheit und Intensit\u00e4t, und auch ein h\u00f6chst riskanter Sturz in die Tiefe, der t\u00f6dlich enden kann. Ausgehend von dieser Ambivalenz werden folgende Fragen gestellt: Inwieweit gelingt es gesellschaftlichen Sport- und Gesundheitsimperativen am K\u00f6rper anzudocken, um das Subjekt zu steuern ? Inwieweit kann sich das Subjekt dieses Steuerungsmechanismen aber auch durch &#8222;Praktiken der Freiheit&#8220; (Foucault) entziehen?<br><\/p>\n\n\n\n<p><em><a href=\"http:\/\/www.waltraudkrainz.com\/publikationen\/facetten-der-moderne\/\">Facetten der Moderne.<\/a><\/em><br><em>Alpinistische Praktiken&nbsp;im Spiegel der Gesellschaft&nbsp;<\/em><\/p>\n\n\n\n<p>Der Alpinismus als Kind der Moderne tr\u00e4gt sowohl deren rationalistische und fortschrittsgl\u00e4ubige als auch deren (post-)romantische und fortschrittskritische Seite in sich. Seine Geschichte und Gegenwart sind gekennzeichnet durch eine Vielfalt unterschiedlicher und mitunter auch gegens\u00e4tzlicher Motive und Praktiken.<br><\/p>\n\n\n\n<p><em><a href=\"http:\/\/www.waltraudkrainz.com\/publikationen\/foucault-die-viktorianer-und-wir\/\">Foucault, die Viktorianer und Wir.<\/a><\/em><br><em>Selbstgestaltung und Experimentierfreudigkeit im Berg- und Trendsport.<\/em><\/p>\n\n\n\n<p>Michel Foucault, der gro\u00dfe franz\u00f6sische Philosoph (1926\u20131984), zeigt auf, wie Machtmechanismen in der modernen Gesellschaft funktionieren, wie sie am K\u00f6rper andocken, indem sie Zeit und Raum verregeln. Er zeigt aber auch auf, wo und wie wir Zwischenr\u00e4ume zur Selbstgestaltung finden k\u00f6nnen.<br><\/p>\n\n\n\n<p><em><a href=\"http:\/\/www.waltraudkrainz.com\/publikationen\/freund-du-hast-zeit\/\">\u201eFreund, Du hast Zeit\u201c<\/a>.<\/em><br><em>Eine kulturwissenschaftliche Suche nach dem Verbleib von Erlebnis, Freiheit und Beschaulichkeit beim Bergsteigen.<\/em><\/p>\n\n\n\n<p>Stetige Beschleunigung und enormer Leistungsdruck pr\u00e4gen unsere sp\u00e4tmoderne Gesellschaft. Wie wirken sich diese gesellschaftlichen Dynamiken auf das Bergsteigen aus? Und: Gibt es Gegenentw\u00fcrfe dazu?<br><\/p>\n\n\n\n<p><em><a href=\"http:\/\/www.waltraudkrainz.com\/publikationen\/ich-zerbrechlicher-mensch\/\">\u201eIch bin ein eher zerbrechlicher Mensch&#8230;.\u201c.&nbsp;<\/a><\/em><br><em>Reinhold Messner: Vom bewegten Bergsteiger zur ganzen M\u00e4nnlichkeit.<\/em><\/p>\n\n\n\n<p>Reinhold Messer vollbrachte von den 1970ern bis in die 1990er Jahre nicht nur alpinistische H\u00f6chstleistungen, er pr\u00e4gte den alpinistischen Diskurs wie kein anderer. Heroische\u00a0bergsteigerische Ideale hinterfragend, begann er, Gef\u00fchle wie Angst und Einsamkeit zu thematisieren. Warum er dennoch ein wirklich \u201em\u00e4nnlicher\u201c Mann (Sophia Loren \u00fcber Messner) blieb, zeigt die Autorin leicht ironisch auf.<br><\/p>\n\n\n\n<p><em><a href=\"http:\/\/www.waltraudkrainz.com\/publikationen\/vom-kleinglockner-zur-kletterwand\/\">Vom Kleinglockner zur Kletterwand<\/a><\/em><\/p>\n\n\n\n<p>Ein kleiner Rundgang auf schmalen Pfaden zum Thema Berg, der einerseits von der Besteigung des Kleinglockners 1799 \u00fcber \u201eDie Herrschaft der Zahl&#8230; und dem Ende der Mythen\u201c zu den Bergen als Sehnsuchtsr\u00e4umen f\u00fchrt, und anderseits \u00fcber den symbolischen Aufstieg und Fall des modernen Subjekts der \u201everloren gegangenen\u201c weiblichen Geschichte des Alpinismus und gegenw\u00e4rtigen Inschriften in die Kletterwand nachsp\u00fcrt.<\/p>\n","protected":false},"excerpt":{"rendered":"<p>Leben Macht Schreiben. Gesundheit als (Schrift-) Effekt der Biopolitik. Wir leben in einem Zeitalter der Gesundheit, zumindest der allseits erstrebten Gesundheit. Ein un\u00fcberschaubares Konglomerat von Diskursen, Praktiken und Wissensformen ist rund um das Thema angesiedelt, es reicht von der Ursachenforschung &hellip; <a href=\"https:\/\/www.waltraudkrainz.com\/?page_id=624\">Weiterlesen <span class=\"meta-nav\">&rarr;<\/span><\/a><\/p>\n","protected":false},"author":1,"featured_media":0,"parent":0,"menu_order":1,"comment_status":"closed","ping_status":"closed","template":"","meta":[],"_links":{"self":[{"href":"https:\/\/www.waltraudkrainz.com\/index.php?rest_route=\/wp\/v2\/pages\/624"}],"collection":[{"href":"https:\/\/www.waltraudkrainz.com\/index.php?rest_route=\/wp\/v2\/pages"}],"about":[{"href":"https:\/\/www.waltraudkrainz.com\/index.php?rest_route=\/wp\/v2\/types\/page"}],"author":[{"embeddable":true,"href":"https:\/\/www.waltraudkrainz.com\/index.php?rest_route=\/wp\/v2\/users\/1"}],"replies":[{"embeddable":true,"href":"https:\/\/www.waltraudkrainz.com\/index.php?rest_route=%2Fwp%2Fv2%2Fcomments&post=624"}],"version-history":[{"count":4,"href":"https:\/\/www.waltraudkrainz.com\/index.php?rest_route=\/wp\/v2\/pages\/624\/revisions"}],"predecessor-version":[{"id":638,"href":"https:\/\/www.waltraudkrainz.com\/index.php?rest_route=\/wp\/v2\/pages\/624\/revisions\/638"}],"wp:attachment":[{"href":"https:\/\/www.waltraudkrainz.com\/index.php?rest_route=%2Fwp%2Fv2%2Fmedia&parent=624"}],"curies":[{"name":"wp","href":"https:\/\/api.w.org\/{rel}","templated":true}]}}